{"id":10,"date":"2010-08-03T22:18:58","date_gmt":"2010-08-03T22:18:58","guid":{"rendered":"http:\/\/michaelbraun.info\/cms\/?page_id=10"},"modified":"2011-12-25T03:16:09","modified_gmt":"2011-12-25T02:16:09","slug":"qualifikationen","status":"publish","type":"page","link":"http:\/\/michaelbraun.info\/cms\/?page_id=10","title":{"rendered":"Qualifikationen"},"content":{"rendered":"<p><strong>Studienabschl\u00fcsse<\/strong><\/p>\n<ul>\n<li>Diplom-Kaufmann<\/li>\n<li>M.Sc. Wirtschaftswissenschaften<\/li>\n<\/ul>\n<p><strong>Schwerpunkte<\/strong><\/p>\n<ul>\n<li>Neueinf\u00fchrung betriebswirtschaftlicher Individual-Software,<\/li>\n<li>Mitarbeiterschulung<\/li>\n<li>Entwicklung betriebswirtschaftlicher Funktionen<\/li>\n<li>Koordination Fachbereich \/ EDV<\/li>\n<li>Erstellung von Programmiervorgaben<\/li>\n<li>Systemadministration (Novell, Unix, Windows Server)<\/li>\n<li>Helpdesk<\/li>\n<li>Erarbeitung firmenspezifischer Anpassungen<\/li>\n<li>Programmierung von Schnittstellen<\/li>\n<li>Erstellung von Konvertierungsprogrammen<\/li>\n<li>fachliche T\u00e4tigkeit: Einkauf Kunststoffe<\/li>\n<li>Rechnungspr\u00fcfung<\/li>\n<li>Kalkulation<\/li>\n<\/ul>\n<p><strong>Projekte (Auswahl)<\/strong><\/p>\n<ul>\n<li>Planung und Einf\u00fchrung einer Lagerverwaltung<\/li>\n<li>Einf\u00fchrung EDI-System CSA Pricat (Stammdatenaustausch)<\/li>\n<li>Aufbau PPS System<\/li>\n<li>Planung und Realisierung einer Tourenverwaltung<\/li>\n<li>Einf\u00fchrung von Unified Messaging<\/li>\n<li>Einf\u00fchrung und Umstrukturierung einer TK Anlage (40 Nebenstellen)<\/li>\n<\/ul>\n<p><strong>F\u00fchrung<\/strong><\/p>\n<ul>\n<li>Projektweise mit Aufgaben der Projektkoordination<\/li>\n<\/ul>\n<p><strong>Fortbildung<\/strong><\/p>\n<ul>\n<li>REFA Grundausbildung<\/li>\n<li>diverse EDV-Kurse<\/li>\n<li>Management-Training<\/li>\n<li>Business English<\/li>\n<li>SAP R\/3<\/li>\n<\/ul>\n<p><strong>Sonstiges<\/strong><\/p>\n<ul>\n<li>Analytisches Denken, Teamf\u00e4higkeit<\/li>\n<li>breite betriebswirtschaftliche Wissensbasis<\/li>\n<li>strukturierte EDV-Erfahrung mit konzeptioneller \/ entwicklungstechnischer Erfahrung.<\/li>\n<li>selbst\u00e4ndige Arbeitsweise<\/li>\n<\/ul>\n","protected":false},"excerpt":{"rendered":"<p>Studienabschl\u00fcsse Diplom-Kaufmann M.Sc. Wirtschaftswissenschaften Schwerpunkte Neueinf\u00fchrung betriebswirtschaftlicher Individual-Software, Mitarbeiterschulung Entwicklung betriebswirtschaftlicher Funktionen Koordination Fachbereich \/ EDV Erstellung von Programmiervorgaben Systemadministration (Novell, Unix, Windows Server) Helpdesk Erarbeitung firmenspezifischer Anpassungen Programmierung von Schnittstellen Erstellung von Konvertierungsprogrammen fachliche T\u00e4tigkeit: Einkauf Kunststoffe Rechnungspr\u00fcfung Kalkulation Projekte (Auswahl) Planung und Einf\u00fchrung einer Lagerverwaltung Einf\u00fchrung EDI-System CSA Pricat (Stammdatenaustausch) Aufbau PPS System &hellip; <a href=\"http:\/\/michaelbraun.info\/cms\/?page_id=10\" class=\"more-link\"><span class=\"screen-reader-text\">\u201eQualifikationen\u201c<\/span> weiterlesen<\/a><\/p>\n","protected":false},"author":1,"featured_media":0,"parent":0,"menu_order":2,"comment_status":"closed","ping_status":"closed","template":"","meta":{"footnotes":""},"class_list":["post-10","page","type-page","status-publish","hentry"],"_links":{"self":[{"href":"http:\/\/michaelbraun.info\/cms\/index.php?rest_route=\/wp\/v2\/pages\/10"}],"collection":[{"href":"http:\/\/michaelbraun.info\/cms\/index.php?rest_route=\/wp\/v2\/pages"}],"about":[{"href":"http:\/\/michaelbraun.info\/cms\/index.php?rest_route=\/wp\/v2\/types\/page"}],"author":[{"embeddable":true,"href":"http:\/\/michaelbraun.info\/cms\/index.php?rest_route=\/wp\/v2\/users\/1"}],"replies":[{"embeddable":true,"href":"http:\/\/michaelbraun.info\/cms\/index.php?rest_route=%2Fwp%2Fv2%2Fcomments&post=10"}],"version-history":[{"count":0,"href":"http:\/\/michaelbraun.info\/cms\/index.php?rest_route=\/wp\/v2\/pages\/10\/revisions"}],"wp:attachment":[{"href":"http:\/\/michaelbraun.info\/cms\/index.php?rest_route=%2Fwp%2Fv2%2Fmedia&parent=10"}],"curies":[{"name":"wp","href":"https:\/\/api.w.org\/{rel}","templated":true}]}}