{"id":107,"date":"2010-09-21T03:30:40","date_gmt":"2010-09-21T01:30:40","guid":{"rendered":"http:\/\/michaelbraun.info\/cms\/?page_id=107"},"modified":"2012-01-20T05:00:24","modified_gmt":"2012-01-20T04:00:24","slug":"081984-061985-hohere-handelsschule-fur-abiturienten","status":"publish","type":"page","link":"http:\/\/michaelbraun.info\/cms\/?page_id=107","title":{"rendered":"08\/1984 &#8211; 06\/1985 H\u00f6here Handelsschule f\u00fcr Abiturienten"},"content":{"rendered":"<p>Einj\u00e4hrige h\u00f6here Handelsschule f\u00fcr Abiturienten<br \/>\nMit Abschlu\u00dfpr\u00fcfung abgeschlossen.<br \/>\nDurchschnittsnote: 2,4<\/p>\n<p>Vorhandene Dokumente:<br \/>\n<a href=\"http:\/\/www.michaelbraun.info\/Dokumente\/Handelsschule.pdf\" title=\"Abschlusszeugnis\">Abschlusszeugnis<\/a><\/p>\n","protected":false},"excerpt":{"rendered":"<p>Einj\u00e4hrige h\u00f6here Handelsschule f\u00fcr Abiturienten Mit Abschlu\u00dfpr\u00fcfung abgeschlossen. Durchschnittsnote: 2,4 Vorhandene Dokumente: Abschlusszeugnis<\/p>\n","protected":false},"author":1,"featured_media":0,"parent":6,"menu_order":3,"comment_status":"closed","ping_status":"closed","template":"","meta":{"footnotes":""},"class_list":["post-107","page","type-page","status-publish","hentry"],"_links":{"self":[{"href":"http:\/\/michaelbraun.info\/cms\/index.php?rest_route=\/wp\/v2\/pages\/107"}],"collection":[{"href":"http:\/\/michaelbraun.info\/cms\/index.php?rest_route=\/wp\/v2\/pages"}],"about":[{"href":"http:\/\/michaelbraun.info\/cms\/index.php?rest_route=\/wp\/v2\/types\/page"}],"author":[{"embeddable":true,"href":"http:\/\/michaelbraun.info\/cms\/index.php?rest_route=\/wp\/v2\/users\/1"}],"replies":[{"embeddable":true,"href":"http:\/\/michaelbraun.info\/cms\/index.php?rest_route=%2Fwp%2Fv2%2Fcomments&post=107"}],"version-history":[{"count":0,"href":"http:\/\/michaelbraun.info\/cms\/index.php?rest_route=\/wp\/v2\/pages\/107\/revisions"}],"up":[{"embeddable":true,"href":"http:\/\/michaelbraun.info\/cms\/index.php?rest_route=\/wp\/v2\/pages\/6"}],"wp:attachment":[{"href":"http:\/\/michaelbraun.info\/cms\/index.php?rest_route=%2Fwp%2Fv2%2Fmedia&parent=107"}],"curies":[{"name":"wp","href":"https:\/\/api.w.org\/{rel}","templated":true}]}}