{"id":121,"date":"2012-01-19T22:25:02","date_gmt":"2012-01-19T21:25:02","guid":{"rendered":"http:\/\/michaelbraun.info\/cms\/?page_id=121"},"modified":"2020-03-02T21:35:11","modified_gmt":"2020-03-02T20:35:11","slug":"ab-042012-masterstudiengang-wirtschaftsinformatik","status":"publish","type":"page","link":"http:\/\/michaelbraun.info\/cms\/?page_id=121","title":{"rendered":"seit 04\/2012 Masterstudiengang Wirtschaftsinformatik"},"content":{"rendered":"<p>Nach erfolgreichem Abschluss des Masterstudiengang Wirtschaftswissenschaften folgt nun der zum Sommersemester 2012 neu eingerichtete Masterstudiengang Wirtschaftsinformatik. Dabei werde ich in diesem Studiengang keine rein wirtschaftswissenschaftlichen Module belegen, sondern diese aus dem vorhergegangenen Masterstudiengang \u00fcbernehmen. Welche Module ich konkret anrechnen lassen werde, werde ich erst im Laufe des Studiums entscheiden. Maximal kann ich f\u00fcnf Module aus dem alten Studiengang anrechnen lassen, wovon vier aus dem Bereich Wirtschaftswissenschaften und eins aus der Wirtschaftsinformatik stammt. Sicher ist allerdings nur die Anrechnung eines wirtschaftswissenschaftlichen Moduls, da damit die Mindestanforderungen im Bereich Wirtschaftswissenschaften abgedeckt sind.<br \/>\nDie Tatsache, dass so viele Module aus dem abgeschlossen Masterstudiengang \u00fcbernommen werden k\u00f6nnen, zeigt, dass der neue Studiengang eine konsequente Weiterf\u00fchrung meiner Weiterbildung auf die Bereiche Wirtschaftsinformatik und Informatik ist.<br \/>\nDer Studiengang wird an der Fernuniversit\u00e4t erst seit dem Sommersemester 2012 angeboten. Leider werden einige f\u00fcr mich interessante Module fr\u00fchestens im Sommersemester 2013 angeboten. Daher wird trotz der M\u00f6glichkeit der Anrechnung ein schneller Abschlu\u00df wohl nicht m\u00f6glich.<\/p>\n<p>Aus einer Vielzahl privater und beruflicher Gr\u00fcnde habe ich das Studium seit Juli 2014 nicht aktiv weiterf\u00fchren k\u00f6nnen, bin aber eingeschrieben geblieben, um das Studium zu gegebenen Zeitpunkt wieder aufnehmen zu k\u00f6nnen.<\/p>\n<p>Derzeit plane ich ab dem Sommersemester 2020 langsam wieder in das Studium einzusteigen.<\/p>\n","protected":false},"excerpt":{"rendered":"<p>Nach erfolgreichem Abschluss des Masterstudiengang Wirtschaftswissenschaften folgt nun der zum Sommersemester 2012 neu eingerichtete Masterstudiengang Wirtschaftsinformatik. Dabei werde ich in diesem Studiengang keine rein wirtschaftswissenschaftlichen Module belegen, sondern diese aus dem vorhergegangenen Masterstudiengang \u00fcbernehmen. Welche Module ich konkret anrechnen lassen werde, werde ich erst im Laufe des Studiums entscheiden. Maximal kann ich f\u00fcnf Module aus &hellip; <a href=\"http:\/\/michaelbraun.info\/cms\/?page_id=121\" class=\"more-link\"><span class=\"screen-reader-text\">\u201eseit 04\/2012 Masterstudiengang Wirtschaftsinformatik\u201c<\/span> weiterlesen<\/a><\/p>\n","protected":false},"author":1,"featured_media":0,"parent":54,"menu_order":3,"comment_status":"closed","ping_status":"open","template":"","meta":{"footnotes":""},"class_list":["post-121","page","type-page","status-publish","hentry"],"_links":{"self":[{"href":"http:\/\/michaelbraun.info\/cms\/index.php?rest_route=\/wp\/v2\/pages\/121"}],"collection":[{"href":"http:\/\/michaelbraun.info\/cms\/index.php?rest_route=\/wp\/v2\/pages"}],"about":[{"href":"http:\/\/michaelbraun.info\/cms\/index.php?rest_route=\/wp\/v2\/types\/page"}],"author":[{"embeddable":true,"href":"http:\/\/michaelbraun.info\/cms\/index.php?rest_route=\/wp\/v2\/users\/1"}],"replies":[{"embeddable":true,"href":"http:\/\/michaelbraun.info\/cms\/index.php?rest_route=%2Fwp%2Fv2%2Fcomments&post=121"}],"version-history":[{"count":0,"href":"http:\/\/michaelbraun.info\/cms\/index.php?rest_route=\/wp\/v2\/pages\/121\/revisions"}],"up":[{"embeddable":true,"href":"http:\/\/michaelbraun.info\/cms\/index.php?rest_route=\/wp\/v2\/pages\/54"}],"wp:attachment":[{"href":"http:\/\/michaelbraun.info\/cms\/index.php?rest_route=%2Fwp%2Fv2%2Fmedia&parent=121"}],"curies":[{"name":"wp","href":"https:\/\/api.w.org\/{rel}","templated":true}]}}