{"id":130,"date":"2012-10-29T19:36:17","date_gmt":"2012-10-29T18:36:17","guid":{"rendered":"http:\/\/michaelbraun.info\/cms\/?page_id=130"},"modified":"2017-04-06T23:03:44","modified_gmt":"2017-04-06T21:03:44","slug":"seit-092012-openhpi-potsdam","status":"publish","type":"page","link":"http:\/\/michaelbraun.info\/cms\/?page_id=130","title":{"rendered":"seit 09\/2012 OpenHPI, Potsdam"},"content":{"rendered":"<p>OpenHPI bietet seit September 2012 Online IT-Kurse an. Die Kurse dauern in der Regel sechs Wochen und k\u00f6nnen mit einem Zertifikat abgeschlossen werden, wenn die entsprechenden Onlinepr\u00fcfung erfolgreich absolviert wurden. W\u00e4hrend es sich bei den deutschsprachigen Kursen um Einsteigerkurse handelt, besch\u00e4ftigen sich die englischsprachigen Kursen mit neueren Trends in der IT\u00a0 und sind vom Niveau her deutlich anspruchsvoller. Die Kurse bilden teilweise eine gute Erg\u00e4nzung zum Masterstudiengang Wirtschaftsinformatik.<br \/>\nBisher wurden von mir folgende Kurse abgeschlossen<br \/>\n(deutschsprachige Kurse mit Zertifikat, englischsprachige Kurse mit Certificate, ab 05\/2014 Record of Achievement)<br \/>\n(<a title=\"Alle Zertifikate\" href=\"http:\/\/www.michaelbraun.info\/Dokumente\/OpenHPI.pdf\">Alle Zertifikate<\/a>)<br \/>\n04\/2015 &#8211; 05\/2015 Java f\u00fcr Einsteiger<br \/>\n03\/2015 &#8211; 04\/2015 Automated Visual Software Analytics<br \/>\n02\/2015 &#8211; 03\/2015 Sichere E-Mail (<a title=\"Abschlusszeugnis\" href=\"http:\/\/www.michaelbraun.info\/Dokumente\/ws-email2015-RecordOfAchievement.pdf\">Benotete Teilnahmebescheinigung<\/a>)<br \/>\n10\/2014 &#8211; 12\/2014 Einfu\u0308hrung in die Internetsicherheit (<a title=\"Abschlusszeugnis\" href=\"http:\/\/www.michaelbraun.info\/Dokumente\/intsec2014-RecordOfAchievement.pdf\">Zeugnis<\/a>)<br \/>\n09\/2014 &#8211; 10\/2014 Spielend Programmieren lernen (<a title=\"Abschlusszeugnis\" href=\"http:\/\/www.michaelbraun.info\/Dokumente\/pythonjunior2014-RecordOfAchievement.pdf\">Abschlusszeugnis<\/a>)<br \/>\n06\/2014 &#8211; 07\/2014 Knowledge Engineering with Semantic Web Technologies (<a title=\"Zertifikat Semantic Web Technologies\" href=\"http:\/\/www.michaelbraun.info\/Dokumente\/semanticweb2014.pdf\">Record<\/a>)<br \/>\n03\/2014 &#8211;\u00a0 05\/2014 Internetworking with TCP\/IP (<a title=\"Zertifikat Internetworking with TCP\/IP\" href=\"http:\/\/www.michaelbraun.info\/Dokumente\/internetworking2014.pdf\">Record<\/a>)<br \/>\n02\/2014 &#8211; 03\/2014 Parallel Programming Concepts (<a title=\"Zertifikat Parallel Programming Concepts\" href=\"http:\/\/www.michaelbraun.info\/Dokumente\/parallel_programming_concepts__2014__certificate_full_12966.pdf\">Certificate<\/a>)<br \/>\n10\/2013 &#8211; 12\/2013 Business Process Modeling and Analysis (<a title=\"Zertifikat Business Process Modeling and Analysis\" href=\"http:\/\/www.michaelbraun.info\/Dokumente\/business_process_modeling_and_analysis_certificate_full_12966.pdf\">Certificate<\/a>)<br \/>\n08\/2013 &#8211; 10\/2013 In-Memory Data Management 2013 (<a title=\"Zertifikat In-Memory Data Management 2013\" href=\"http:\/\/www.michaelbraun.info\/Dokumente\/in_memory_data_management__2013_certificate_full_12966.pdf\">Certificate<\/a>)<br \/>\n06\/2013 &#8211; 07\/2013 Webtechnologien (<a title=\"Zertifikat Webtechnologien\" href=\"http:\/\/www.michaelbraun.info\/Dokumente\/webtechnologien_certificate_full_12966.pdf\">Zertifikat<\/a>)<br \/>\n04\/2013 &#8211; 05\/2013 Datenmanagement mit SQL (<a title=\"Zertifikat Datenmanagement mit SQL\" href=\"http:\/\/www.michaelbraun.info\/Dokumente\/datenmanagement_mit_sql_certificate_full_12966.pdf\">Zertifikat<\/a>)<br \/>\n02\/2013 &#8211; 04\/2013 Semantic Web Technologies (<a title=\"Zertifikat Semantic Web Technologies\" href=\"http:\/\/www.michaelbraun.info\/Dokumente\/semantic_web_technologies_ip_certificate_full_12966.pdf\">Certificate<\/a>)<br \/>\n11\/2012 &#8211;\u00a0 12\/2012 Internetworking mit TCP\/IP (<a title=\"Zertifikat Internetworking mit TCP\/IP\" href=\"http:\/\/www.michaelbraun.info\/Dokumente\/internetworking_mit_tcp_ip_certificate_full_12966.pdf\">Zertifikat<\/a>)<br \/>\n09\/2012 &#8211; 10\/2012 In-Memory Data Management (<a title=\"Zertifikat In-Memory Data Management\" href=\"http:\/\/www.michaelbraun.info\/Dokumente\/in_memory_data_management_certificate_full_12966.pdf\">Certificate<\/a>)<\/p>\n","protected":false},"excerpt":{"rendered":"<p>OpenHPI bietet seit September 2012 Online IT-Kurse an. Die Kurse dauern in der Regel sechs Wochen und k\u00f6nnen mit einem Zertifikat abgeschlossen werden, wenn die entsprechenden Onlinepr\u00fcfung erfolgreich absolviert wurden. W\u00e4hrend es sich bei den deutschsprachigen Kursen um Einsteigerkurse handelt, besch\u00e4ftigen sich die englischsprachigen Kursen mit neueren Trends in der IT\u00a0 und sind vom Niveau &hellip; <a href=\"http:\/\/michaelbraun.info\/cms\/?page_id=130\" class=\"more-link\"><span class=\"screen-reader-text\">\u201eseit 09\/2012 OpenHPI, Potsdam\u201c<\/span> weiterlesen<\/a><\/p>\n","protected":false},"author":1,"featured_media":0,"parent":192,"menu_order":13,"comment_status":"closed","ping_status":"closed","template":"","meta":{"footnotes":""},"class_list":["post-130","page","type-page","status-publish","hentry"],"_links":{"self":[{"href":"http:\/\/michaelbraun.info\/cms\/index.php?rest_route=\/wp\/v2\/pages\/130"}],"collection":[{"href":"http:\/\/michaelbraun.info\/cms\/index.php?rest_route=\/wp\/v2\/pages"}],"about":[{"href":"http:\/\/michaelbraun.info\/cms\/index.php?rest_route=\/wp\/v2\/types\/page"}],"author":[{"embeddable":true,"href":"http:\/\/michaelbraun.info\/cms\/index.php?rest_route=\/wp\/v2\/users\/1"}],"replies":[{"embeddable":true,"href":"http:\/\/michaelbraun.info\/cms\/index.php?rest_route=%2Fwp%2Fv2%2Fcomments&post=130"}],"version-history":[{"count":0,"href":"http:\/\/michaelbraun.info\/cms\/index.php?rest_route=\/wp\/v2\/pages\/130\/revisions"}],"up":[{"embeddable":true,"href":"http:\/\/michaelbraun.info\/cms\/index.php?rest_route=\/wp\/v2\/pages\/192"}],"wp:attachment":[{"href":"http:\/\/michaelbraun.info\/cms\/index.php?rest_route=%2Fwp%2Fv2%2Fmedia&parent=130"}],"curies":[{"name":"wp","href":"https:\/\/api.w.org\/{rel}","templated":true}]}}