{"id":180,"date":"2016-01-29T06:22:43","date_gmt":"2016-01-29T05:22:43","guid":{"rendered":"http:\/\/michaelbraun.info\/cms\/?page_id=180"},"modified":"2018-03-05T23:24:38","modified_gmt":"2018-03-05T22:24:38","slug":"042015-082015-msi-market-services-gmbh-co-kg","status":"publish","type":"page","link":"http:\/\/michaelbraun.info\/cms\/?page_id=180","title":{"rendered":"seit 04\/2015 MSI Market Services GmbH &#038; Co. KG"},"content":{"rendered":"<p><strong>Erhebungen im Rahmen von Marktforschungsprojekten im Gro\u00dfraum Ostwestfalen-Lippe<\/strong><\/p>\n<p>T\u00e4tigkeiten:<\/p>\n<ul>\n<li>Durchf\u00fchrung von Interview am Point-of-Sale<\/li>\n<li>Sichtung von Werbematerial am Point-of-Sale<\/li>\n<li>Erhebung von Belegungspl\u00e4nen im Fachhandel, in der Tankstelle oder am Zigarettenautomaten<\/li>\n<\/ul>\n<p>Besch\u00e4ftigungszeitr\u00e4ume<br \/>\n04\/2015 &#8211; 08\/2015<br \/>\n04\/2016 &#8211; 07\/2016<br \/>\n04\/2017 &#8211; 08\/2017<br \/>\nab 04\/2018<\/p>\n","protected":false},"excerpt":{"rendered":"<p>Erhebungen im Rahmen von Marktforschungsprojekten im Gro\u00dfraum Ostwestfalen-Lippe T\u00e4tigkeiten: Durchf\u00fchrung von Interview am Point-of-Sale Sichtung von Werbematerial am Point-of-Sale Erhebung von Belegungspl\u00e4nen im Fachhandel, in der Tankstelle oder am Zigarettenautomaten Besch\u00e4ftigungszeitr\u00e4ume 04\/2015 &#8211; 08\/2015 04\/2016 &#8211; 07\/2016 04\/2017 &#8211; 08\/2017 ab 04\/2018<\/p>\n","protected":false},"author":1,"featured_media":0,"parent":186,"menu_order":201504,"comment_status":"closed","ping_status":"closed","template":"","meta":{"footnotes":""},"class_list":["post-180","page","type-page","status-publish","hentry"],"_links":{"self":[{"href":"http:\/\/michaelbraun.info\/cms\/index.php?rest_route=\/wp\/v2\/pages\/180"}],"collection":[{"href":"http:\/\/michaelbraun.info\/cms\/index.php?rest_route=\/wp\/v2\/pages"}],"about":[{"href":"http:\/\/michaelbraun.info\/cms\/index.php?rest_route=\/wp\/v2\/types\/page"}],"author":[{"embeddable":true,"href":"http:\/\/michaelbraun.info\/cms\/index.php?rest_route=\/wp\/v2\/users\/1"}],"replies":[{"embeddable":true,"href":"http:\/\/michaelbraun.info\/cms\/index.php?rest_route=%2Fwp%2Fv2%2Fcomments&post=180"}],"version-history":[{"count":0,"href":"http:\/\/michaelbraun.info\/cms\/index.php?rest_route=\/wp\/v2\/pages\/180\/revisions"}],"up":[{"embeddable":true,"href":"http:\/\/michaelbraun.info\/cms\/index.php?rest_route=\/wp\/v2\/pages\/186"}],"wp:attachment":[{"href":"http:\/\/michaelbraun.info\/cms\/index.php?rest_route=%2Fwp%2Fv2%2Fmedia&parent=180"}],"curies":[{"name":"wp","href":"https:\/\/api.w.org\/{rel}","templated":true}]}}