{"id":194,"date":"2017-04-06T23:08:43","date_gmt":"2017-04-06T21:08:43","guid":{"rendered":"http:\/\/michaelbraun.info\/cms\/?page_id=194"},"modified":"2017-04-06T23:16:44","modified_gmt":"2017-04-06T21:16:44","slug":"ab-102013-iversity","status":"publish","type":"page","link":"http:\/\/michaelbraun.info\/cms\/?page_id=194","title":{"rendered":"ab 10\/2013 iversity"},"content":{"rendered":"<p><strong>iversity<\/strong><br \/>\nvergebenes Abschlusszertifikat: Teilnahmebest\u00e4tigung <a title=\"Alle Zertifikate\" href=\"http:\/\/www.michaelbraun.info\/Dokumente\/iversity.pdf\">(alle Zertifikate)<\/a><\/p>\n<ul>\n<li>11\/2015 &#8211; 12\/2015 Klimawandel und seine Folgen<\/li>\n<li>03\/2015 &#8211; 05\/2015 Controlling &#8211; A Critical Success Factor in a Globalised World<\/li>\n<li>03\/2015 &#8211; 05\/2015 Einf\u00fchrung in die Arbeitspsychologie<\/li>\n<li>10\/2014 &#8211; 02\/2015 Einf\u00fchrung in das Rechnungswesen<\/li>\n<li>10\/2014 &#8211; 01\/2015 Algorithmen und Datenstrukturen<\/li>\n<li>04\/2014 &#8211; 07\/2014 Einf\u00fchrung in die Betriebswirtschaftslehre<\/li>\n<li>01\/2014-03\/2014 Einf\u00fchrung in die Wahrscheinlichkeitsrechnung (<a title=\"Teilnahmebest\u00e4tigung\" href=\"http:\/\/www.michaelbraun.info\/Dokumente\/participation_certificate_Einf\u00fchrung_Wahrscheinlichkeitsrechnung.pdf\">Teilnahmebest\u00e4tigung<\/a>)<\/li>\n<li>12\/2013-03\/2014 Public Privacy: Cyber Security and Human Rights (<a title=\"Teilnahmebest\u00e4tigung\" href=\"http:\/\/www.michaelbraun.info\/Dokumente\/participation_certificate_public_privacy.pdf\">Teilnahmebest\u00e4tigung<\/a>)<\/li>\n<li>10\/2013-01\/2014 Grundlagen des Marketing (<a title=\"Teilnahmebest\u00e4tigung\" href=\"http:\/\/www.michaelbraun.info\/Dokumente\/Grundlagen_Marketing_participation_certificate.pdf\">Teilnahmebest\u00e4tigung<\/a>)<\/li>\n<\/ul>\n<p>Anmerkung: Teilnahmebest\u00e4tigungen (z.B. von iversity) werden von mir nur in die Liste aufgenommen, wenn ich den Kurs erfolgreich absolviert wird habe, d.h. ich habe eine entsprechende Onlinepr\u00fcfung mit einer angemessenen Quote absolviert, auch wenn dieses f\u00fcr die Ausstellung der Teilnahmebest\u00e4tigung nicht erforderlich ist. Laufende Kurse werden nur aufgef\u00fchrt, wenn sie bereits bestanden sind.<\/p>\n","protected":false},"excerpt":{"rendered":"<p>iversity vergebenes Abschlusszertifikat: Teilnahmebest\u00e4tigung (alle Zertifikate) 11\/2015 &#8211; 12\/2015 Klimawandel und seine Folgen 03\/2015 &#8211; 05\/2015 Controlling &#8211; A Critical Success Factor in a Globalised World 03\/2015 &#8211; 05\/2015 Einf\u00fchrung in die Arbeitspsychologie 10\/2014 &#8211; 02\/2015 Einf\u00fchrung in das Rechnungswesen 10\/2014 &#8211; 01\/2015 Algorithmen und Datenstrukturen 04\/2014 &#8211; 07\/2014 Einf\u00fchrung in die Betriebswirtschaftslehre 01\/2014-03\/2014 Einf\u00fchrung &hellip; <a href=\"http:\/\/michaelbraun.info\/cms\/?page_id=194\" class=\"more-link\"><span class=\"screen-reader-text\">\u201eab 10\/2013 iversity\u201c<\/span> weiterlesen<\/a><\/p>\n","protected":false},"author":1,"featured_media":0,"parent":192,"menu_order":201310,"comment_status":"closed","ping_status":"closed","template":"","meta":{"footnotes":""},"class_list":["post-194","page","type-page","status-publish","hentry"],"_links":{"self":[{"href":"http:\/\/michaelbraun.info\/cms\/index.php?rest_route=\/wp\/v2\/pages\/194"}],"collection":[{"href":"http:\/\/michaelbraun.info\/cms\/index.php?rest_route=\/wp\/v2\/pages"}],"about":[{"href":"http:\/\/michaelbraun.info\/cms\/index.php?rest_route=\/wp\/v2\/types\/page"}],"author":[{"embeddable":true,"href":"http:\/\/michaelbraun.info\/cms\/index.php?rest_route=\/wp\/v2\/users\/1"}],"replies":[{"embeddable":true,"href":"http:\/\/michaelbraun.info\/cms\/index.php?rest_route=%2Fwp%2Fv2%2Fcomments&post=194"}],"version-history":[{"count":0,"href":"http:\/\/michaelbraun.info\/cms\/index.php?rest_route=\/wp\/v2\/pages\/194\/revisions"}],"up":[{"embeddable":true,"href":"http:\/\/michaelbraun.info\/cms\/index.php?rest_route=\/wp\/v2\/pages\/192"}],"wp:attachment":[{"href":"http:\/\/michaelbraun.info\/cms\/index.php?rest_route=%2Fwp%2Fv2%2Fmedia&parent=194"}],"curies":[{"name":"wp","href":"https:\/\/api.w.org\/{rel}","templated":true}]}}