{"id":34,"date":"2010-08-03T23:05:07","date_gmt":"2010-08-03T23:05:07","guid":{"rendered":"http:\/\/michaelbraun.info\/cms\/?page_id=34"},"modified":"2011-11-24T04:05:21","modified_gmt":"2011-11-24T03:05:21","slug":"031998-122000-acrylglas-design-siegerland-gmbh-ads-arnsberg","status":"publish","type":"page","link":"http:\/\/michaelbraun.info\/cms\/?page_id=34","title":{"rendered":"03\/1998 &#8211; 12\/2000 Acrylglas-Design-Siegerland GmbH, Arnsberg"},"content":{"rendered":"<table width=\"100%\">\n<tbody>\n<tr>\n<td><img decoding=\"async\" id=\"Bild3\" class=\" hvwdkkjlvgzwkgzxmvut hvwdkkjlvgzwkgzxmvut\" src=\"..\/..\/assets\/images\/ADS-Logo.jpg\" alt=\"\" \/><\/td>\n<td>Leiter Einkauf Kunststoffe<br \/>\nAufgabenbereiche u.a.<br \/>\nDispositionen, Bestellungen, Termin\u00fcberwachung<br \/>\nSt\u00fccklisten, Kalkulation<br \/>\nKonditionsverhandlungen<br \/>\nLeiter Informationssyteme<\/td>\n<\/tr>\n<\/tbody>\n<\/table>\n<table width=\"100%\">\n<tbody>\n<tr>\n<td width=\"38\">1997<\/td>\n<td width=\"541\">Umstellung ADS GmbH auf gruppenweite EDV-L\u00f6sung (Server Wilnsdorf)<br \/>\nVerlagerung Verwaltung ADS nach Arnsberg (Server Arnsberg)<br \/>\nab September 1997: kommissarische \u00dcbernahme Einkauf<\/td>\n<\/tr>\n<tr>\n<td>1998<\/td>\n<td>Umstellung EDV TEAM GmbH auf gruppenweite L\u00f6sung (Server Wenden)<br \/>\nAufbau St\u00fccklisten ADS GmbH<\/td>\n<\/tr>\n<tr>\n<td>1999<\/td>\n<td>Aufbau eines Konsignationslagers f\u00fcr Rohmaterial<br \/>\nKANBAN-\u00e4hnliche Organisation der Produktion<\/td>\n<\/tr>\n<tr>\n<td>2000<\/td>\n<td>Zentralisierung von Daten und Programmen am Standort Arnsberg (RM 400)<\/td>\n<\/tr>\n<\/tbody>\n<\/table>\n<p style=\"text-align: center;\">Kurzprofil des Unternehmens (2000)<\/p>\n<ul>\n<li>Hauptsitz: Zum M\u00f6hnewehr 14, 59755 Arnsberg<\/li>\n<li>seit 1.10.1996 Schwestergesellschaft der Egon Westermann GmbH&amp;Co.KG<\/li>\n<li>Herstellung von Kunststoffprodukte (haupts\u00e4chlich aus Acrylglas)<\/li>\n<li>Hauptabsatzmarkt:\u00a0Deutschland, Schweiz; \u00d6sterreich<\/li>\n<li>ca. 50 Mitarbeiter (Stand Ende 2000)<\/li>\n<li>Standorte::\n<ul>\n<li>Arnsberg-Neheim: Hauptverwaltung<\/li>\n<li>Arnsberg-Bergheim: Produktion + Lager (M\u00f6bel aus Acryl)<\/li>\n<li>Wilnsdorf: Produktion (haupts\u00e4chlich M\u00f6bel aus Acryl)<\/li>\n<li>Wenden-H\u00fcnsborn: Verwaltung + Produktion f\u00fcr Gesch\u00e4ftsbereich Team (Ladenbau, u.\u00e4.)<\/li>\n<\/ul>\n<\/li>\n<\/ul>\n","protected":false},"excerpt":{"rendered":"<p>Leiter Einkauf Kunststoffe Aufgabenbereiche u.a. Dispositionen, Bestellungen, Termin\u00fcberwachung St\u00fccklisten, Kalkulation Konditionsverhandlungen Leiter Informationssyteme 1997 Umstellung ADS GmbH auf gruppenweite EDV-L\u00f6sung (Server Wilnsdorf) Verlagerung Verwaltung ADS nach Arnsberg (Server Arnsberg) ab September 1997: kommissarische \u00dcbernahme Einkauf 1998 Umstellung EDV TEAM GmbH auf gruppenweite L\u00f6sung (Server Wenden) Aufbau St\u00fccklisten ADS GmbH 1999 Aufbau eines Konsignationslagers f\u00fcr Rohmaterial &hellip; <a href=\"http:\/\/michaelbraun.info\/cms\/?page_id=34\" class=\"more-link\"><span class=\"screen-reader-text\">\u201e03\/1998 &#8211; 12\/2000 Acrylglas-Design-Siegerland GmbH, Arnsberg\u201c<\/span> weiterlesen<\/a><\/p>\n","protected":false},"author":1,"featured_media":0,"parent":6,"menu_order":6,"comment_status":"closed","ping_status":"closed","template":"","meta":{"footnotes":""},"class_list":["post-34","page","type-page","status-publish","hentry"],"_links":{"self":[{"href":"http:\/\/michaelbraun.info\/cms\/index.php?rest_route=\/wp\/v2\/pages\/34"}],"collection":[{"href":"http:\/\/michaelbraun.info\/cms\/index.php?rest_route=\/wp\/v2\/pages"}],"about":[{"href":"http:\/\/michaelbraun.info\/cms\/index.php?rest_route=\/wp\/v2\/types\/page"}],"author":[{"embeddable":true,"href":"http:\/\/michaelbraun.info\/cms\/index.php?rest_route=\/wp\/v2\/users\/1"}],"replies":[{"embeddable":true,"href":"http:\/\/michaelbraun.info\/cms\/index.php?rest_route=%2Fwp%2Fv2%2Fcomments&post=34"}],"version-history":[{"count":0,"href":"http:\/\/michaelbraun.info\/cms\/index.php?rest_route=\/wp\/v2\/pages\/34\/revisions"}],"up":[{"embeddable":true,"href":"http:\/\/michaelbraun.info\/cms\/index.php?rest_route=\/wp\/v2\/pages\/6"}],"wp:attachment":[{"href":"http:\/\/michaelbraun.info\/cms\/index.php?rest_route=%2Fwp%2Fv2%2Fmedia&parent=34"}],"curies":[{"name":"wp","href":"https:\/\/api.w.org\/{rel}","templated":true}]}}