{"id":39,"date":"2010-08-03T23:15:45","date_gmt":"2010-08-03T23:15:45","guid":{"rendered":"http:\/\/michaelbraun.info\/cms\/?page_id=39"},"modified":"2012-02-26T02:02:17","modified_gmt":"2012-02-26T01:02:17","slug":"022002-122002-agw-bildungswerk-e-v-minden","status":"publish","type":"page","link":"http:\/\/michaelbraun.info\/cms\/?page_id=39","title":{"rendered":"02\/2002 &#8211; 12\/2002 AGW Bildungswerk e.V., Minden"},"content":{"rendered":"<table border=\"0\" cellspacing=\"8\" cellpadding=\"0\" width=\"100%\">\n<tbody>\n<tr>\n<td align=\"LEFT\"><img loading=\"lazy\" decoding=\"async\" id=\"Bild22\" src=\"..\/..\/assets\/images\/agw_logo.gif\" border=\"0\" alt=\"\" width=\"117\" height=\"31\" \/><\/td>\n<td width=\"450\">Vollzeitlehrgang: Management-Training f\u00fcr Berufserfahrene<br \/>\n<a href=\"http:\/\/www.michaelbraun.info\/Dokumente\/AGW.pdf\" target=\"_blank\">AGW-Teilnahmebescheinigung<\/a><\/td>\n<\/tr>\n<\/tbody>\n<\/table>\n<p><strong>thematische Schwerpunkte<\/strong><\/p>\n<ul>\n<li>Projektmanagement<\/li>\n<li>Moderation und Pr\u00e4sentation<\/li>\n<li>Mitarbeiterf\u00fchrung<\/li>\n<li>Betriebsorganisation<\/li>\n<li>Arbeitsrecht<\/li>\n<li>Controlling.<\/li>\n<li>Wirtschaftsenglisch<\/li>\n<li>Qualit\u00e4tsmanagement<\/li>\n<li>EDV<\/li>\n<li>Bewerbungstraining.<\/li>\n<\/ul>\n","protected":false},"excerpt":{"rendered":"<p>Vollzeitlehrgang: Management-Training f\u00fcr Berufserfahrene AGW-Teilnahmebescheinigung thematische Schwerpunkte Projektmanagement Moderation und Pr\u00e4sentation Mitarbeiterf\u00fchrung Betriebsorganisation Arbeitsrecht Controlling. Wirtschaftsenglisch Qualit\u00e4tsmanagement EDV Bewerbungstraining.<\/p>\n","protected":false},"author":1,"featured_media":0,"parent":6,"menu_order":7,"comment_status":"closed","ping_status":"closed","template":"","meta":{"footnotes":""},"class_list":["post-39","page","type-page","status-publish","hentry"],"_links":{"self":[{"href":"http:\/\/michaelbraun.info\/cms\/index.php?rest_route=\/wp\/v2\/pages\/39"}],"collection":[{"href":"http:\/\/michaelbraun.info\/cms\/index.php?rest_route=\/wp\/v2\/pages"}],"about":[{"href":"http:\/\/michaelbraun.info\/cms\/index.php?rest_route=\/wp\/v2\/types\/page"}],"author":[{"embeddable":true,"href":"http:\/\/michaelbraun.info\/cms\/index.php?rest_route=\/wp\/v2\/users\/1"}],"replies":[{"embeddable":true,"href":"http:\/\/michaelbraun.info\/cms\/index.php?rest_route=%2Fwp%2Fv2%2Fcomments&post=39"}],"version-history":[{"count":0,"href":"http:\/\/michaelbraun.info\/cms\/index.php?rest_route=\/wp\/v2\/pages\/39\/revisions"}],"up":[{"embeddable":true,"href":"http:\/\/michaelbraun.info\/cms\/index.php?rest_route=\/wp\/v2\/pages\/6"}],"wp:attachment":[{"href":"http:\/\/michaelbraun.info\/cms\/index.php?rest_route=%2Fwp%2Fv2%2Fmedia&parent=39"}],"curies":[{"name":"wp","href":"https:\/\/api.w.org\/{rel}","templated":true}]}}