{"id":42,"date":"2010-08-03T23:26:37","date_gmt":"2010-08-03T23:26:37","guid":{"rendered":"http:\/\/michaelbraun.info\/cms\/?page_id=42"},"modified":"2012-02-26T02:03:29","modified_gmt":"2012-02-26T01:03:29","slug":"052002-122002-ima-klessmann-gmbh-holzbearbeitungssysteme-lubbecke","status":"publish","type":"page","link":"http:\/\/michaelbraun.info\/cms\/?page_id=42","title":{"rendered":"05\/2002 &#8211; 12\/2002 IMA Klessmann GmbH, L\u00fcbbecke"},"content":{"rendered":"<p><img loading=\"lazy\" decoding=\"async\" id=\"Bild18\" src=\"..\/..\/assets\/images\/logo_ima_gross1.gif\" alt=\"\" width=\"150\" height=\"39\" border=\"0\" \/>\u00a0 Holzbearbeitungssysteme<br \/>\n<a href=\"http:\/\/www.michaelbraun.info\/Dokumente\/IMA.pdf\" target=\"_blank\">Praktikum Abteilung IT &amp; Organisation<\/a><\/p>\n<p>T\u00e4tigkeiten:<\/p>\n<ul>\n<li>Neustrukturierung und Neudesign des IMA-Intranets<\/li>\n<li>Aufbau Vertragsdatenbank des Bereichs Organsiation &amp; IT<\/li>\n<li>Dokumentenmanagement mit Adobe Acrobat<\/li>\n<li>Pr\u00e4sentation \u00fcber Customer Relationship Management<\/li>\n<li>Pr\u00e4sentation \u00fcber Prozesskostenrechnung<\/li>\n<li>Pr\u00e4sentation des KANBAN-Prinzip<\/li>\n<\/ul>\n<p>Kurzprofil des Unternehmens (2002)<\/p>\n<ul>\n<li>Hauptsitz: Industriestrasse 3-5, 32312 L\u00fcbbecke<\/li>\n<li>seit 1999 Tochtergesellschaft der Lignum-AG<\/li>\n<li>ca. 700 Mitarbeiter (2002)<\/li>\n<li>Herstellung von Holzbearbeitungsmaschinen<\/li>\n<li>weltweite Ausrichtung<\/li>\n<\/ul>\n","protected":false},"excerpt":{"rendered":"<p>\u00a0 Holzbearbeitungssysteme Praktikum Abteilung IT &amp; Organisation T\u00e4tigkeiten: Neustrukturierung und Neudesign des IMA-Intranets Aufbau Vertragsdatenbank des Bereichs Organsiation &amp; IT Dokumentenmanagement mit Adobe Acrobat Pr\u00e4sentation \u00fcber Customer Relationship Management Pr\u00e4sentation \u00fcber Prozesskostenrechnung Pr\u00e4sentation des KANBAN-Prinzip Kurzprofil des Unternehmens (2002) Hauptsitz: Industriestrasse 3-5, 32312 L\u00fcbbecke seit 1999 Tochtergesellschaft der Lignum-AG ca. 700 Mitarbeiter (2002) Herstellung von &hellip; <a href=\"http:\/\/michaelbraun.info\/cms\/?page_id=42\" class=\"more-link\"><span class=\"screen-reader-text\">\u201e05\/2002 &#8211; 12\/2002 IMA Klessmann GmbH, L\u00fcbbecke\u201c<\/span> weiterlesen<\/a><\/p>\n","protected":false},"author":1,"featured_media":0,"parent":6,"menu_order":8,"comment_status":"closed","ping_status":"closed","template":"","meta":{"footnotes":""},"class_list":["post-42","page","type-page","status-publish","hentry"],"_links":{"self":[{"href":"http:\/\/michaelbraun.info\/cms\/index.php?rest_route=\/wp\/v2\/pages\/42"}],"collection":[{"href":"http:\/\/michaelbraun.info\/cms\/index.php?rest_route=\/wp\/v2\/pages"}],"about":[{"href":"http:\/\/michaelbraun.info\/cms\/index.php?rest_route=\/wp\/v2\/types\/page"}],"author":[{"embeddable":true,"href":"http:\/\/michaelbraun.info\/cms\/index.php?rest_route=\/wp\/v2\/users\/1"}],"replies":[{"embeddable":true,"href":"http:\/\/michaelbraun.info\/cms\/index.php?rest_route=%2Fwp%2Fv2%2Fcomments&post=42"}],"version-history":[{"count":0,"href":"http:\/\/michaelbraun.info\/cms\/index.php?rest_route=\/wp\/v2\/pages\/42\/revisions"}],"up":[{"embeddable":true,"href":"http:\/\/michaelbraun.info\/cms\/index.php?rest_route=\/wp\/v2\/pages\/6"}],"wp:attachment":[{"href":"http:\/\/michaelbraun.info\/cms\/index.php?rest_route=%2Fwp%2Fv2%2Fmedia&parent=42"}],"curies":[{"name":"wp","href":"https:\/\/api.w.org\/{rel}","templated":true}]}}