{"id":45,"date":"2010-08-03T23:28:54","date_gmt":"2010-08-03T23:28:54","guid":{"rendered":"http:\/\/michaelbraun.info\/cms\/?page_id=45"},"modified":"2012-02-26T02:03:49","modified_gmt":"2012-02-26T01:03:49","slug":"82003-102003-vollzeitlehrgang-business-english-346-stunden","status":"publish","type":"page","link":"http:\/\/michaelbraun.info\/cms\/?page_id=45","title":{"rendered":"08\/2003 &#8211; 10\/2003 inlingua, L\u00fcbbecke"},"content":{"rendered":"<p>Vollzeitlehrgang Business English (346 Stunden)<br \/>\nAbschluss mit <a href=\"http:\/\/www.michaelbraun.info\/Dokumente\/inlingua.pdf\" title=\"Zertifikat Inlingua\">Zertifikat<\/a><\/p>\n<p>Lernziele:<br \/>\nVerst\u00e4ndigung in allt\u00e4glichen Wirtschaftssituationen<br \/>\nwesentliche Strukturen der Sprache<br \/>\nfl\u00fcssiges Sprechen<br \/>\nAlltags- und Gesch\u00e4ftssituationen kreativ und spontan bew\u00e4ltigen<\/p>\n","protected":false},"excerpt":{"rendered":"<p>Vollzeitlehrgang Business English (346 Stunden) Abschluss mit Zertifikat Lernziele: Verst\u00e4ndigung in allt\u00e4glichen Wirtschaftssituationen wesentliche Strukturen der Sprache fl\u00fcssiges Sprechen Alltags- und Gesch\u00e4ftssituationen kreativ und spontan bew\u00e4ltigen<\/p>\n","protected":false},"author":1,"featured_media":0,"parent":6,"menu_order":9,"comment_status":"closed","ping_status":"closed","template":"","meta":{"footnotes":""},"class_list":["post-45","page","type-page","status-publish","hentry"],"_links":{"self":[{"href":"http:\/\/michaelbraun.info\/cms\/index.php?rest_route=\/wp\/v2\/pages\/45"}],"collection":[{"href":"http:\/\/michaelbraun.info\/cms\/index.php?rest_route=\/wp\/v2\/pages"}],"about":[{"href":"http:\/\/michaelbraun.info\/cms\/index.php?rest_route=\/wp\/v2\/types\/page"}],"author":[{"embeddable":true,"href":"http:\/\/michaelbraun.info\/cms\/index.php?rest_route=\/wp\/v2\/users\/1"}],"replies":[{"embeddable":true,"href":"http:\/\/michaelbraun.info\/cms\/index.php?rest_route=%2Fwp%2Fv2%2Fcomments&post=45"}],"version-history":[{"count":0,"href":"http:\/\/michaelbraun.info\/cms\/index.php?rest_route=\/wp\/v2\/pages\/45\/revisions"}],"up":[{"embeddable":true,"href":"http:\/\/michaelbraun.info\/cms\/index.php?rest_route=\/wp\/v2\/pages\/6"}],"wp:attachment":[{"href":"http:\/\/michaelbraun.info\/cms\/index.php?rest_route=%2Fwp%2Fv2%2Fmedia&parent=45"}],"curies":[{"name":"wp","href":"https:\/\/api.w.org\/{rel}","templated":true}]}}