{"id":48,"date":"2010-08-03T23:31:48","date_gmt":"2010-08-03T23:31:48","guid":{"rendered":"http:\/\/michaelbraun.info\/cms\/?page_id=48"},"modified":"2012-01-20T05:05:07","modified_gmt":"2012-01-20T04:05:07","slug":"lab-electronic-lab-micro","status":"publish","type":"page","link":"http:\/\/michaelbraun.info\/cms\/?page_id=48","title":{"rendered":"12\/2005 &#8211; 12\/2007 LAB Electronic \/ LAB micro GmbH, Minden"},"content":{"rendered":"<p><strong> 12\/2005 &#8211; 08\/2006 LAB Electronic GmbH<br \/>\n<\/strong><img decoding=\"async\" id=\"Bild1\" src=\"..\/..\/assets\/images\/Lab.jpg\" alt=\"\" border=\"0\" \/><br \/>\n<strong>09\/2006 &#8211; 12\/2007 LAB micro GmbH<\/strong><br \/>\n<a href=\"http:\/\/www.lab-micro.de\/\"><img loading=\"lazy\" decoding=\"async\" id=\"Bild2\" src=\"..\/..\/assets\/images\/lab_micro_logo.gif\" alt=\"\" width=\"142\" height=\"100\" border=\"0\" \/><\/a><br \/>\n<strong><\/strong><\/p>\n<p><strong><a href=\"http:\/\/www.michaelbraun.info\/Dokumente\/LAB.pdf\">Mitarbeiter Einkauf<\/a><\/strong><br \/>\n<strong>T\u00e4tigkeiten<\/strong><br \/>\nSystemadministration<br \/>\nHelpdesk<br \/>\nVerwaltung der Telefonanlage<br \/>\nAuswertungen<br \/>\nRechnungspr\u00fcfung<br \/>\nAufbau eines Mailservers<br \/>\nKalkulation<\/p>\n<p>Kurzprofil des Unternehmens (Stand: 2007)<\/p>\n<ul>\n<li>Hauptsitz: Gro\u00dfe Heide 17-21, 32425 Minden<\/li>\n<li>LAB micro GmbH \u00fcbernimmt zum 01.09.2006 die Gesch\u00e4fte der LAB Electronic GmbH<\/li>\n<li>Lohnbest\u00fcckung, Entwicklung und Layout von Leiterplatten<\/li>\n<li>Zertifiziert nach ISO 9001:2000<\/li>\n<li>etwa 50 Mitarbeiter (Stand Ende 2007)<\/li>\n<\/ul>\n","protected":false},"excerpt":{"rendered":"<p>12\/2005 &#8211; 08\/2006 LAB Electronic GmbH 09\/2006 &#8211; 12\/2007 LAB micro GmbH Mitarbeiter Einkauf T\u00e4tigkeiten Systemadministration Helpdesk Verwaltung der Telefonanlage Auswertungen Rechnungspr\u00fcfung Aufbau eines Mailservers Kalkulation Kurzprofil des Unternehmens (Stand: 2007) Hauptsitz: Gro\u00dfe Heide 17-21, 32425 Minden LAB micro GmbH \u00fcbernimmt zum 01.09.2006 die Gesch\u00e4fte der LAB Electronic GmbH Lohnbest\u00fcckung, Entwicklung und Layout von Leiterplatten &hellip; <a href=\"http:\/\/michaelbraun.info\/cms\/?page_id=48\" class=\"more-link\"><span class=\"screen-reader-text\">\u201e12\/2005 &#8211; 12\/2007 LAB Electronic \/ LAB micro GmbH, Minden\u201c<\/span> weiterlesen<\/a><\/p>\n","protected":false},"author":1,"featured_media":0,"parent":6,"menu_order":10,"comment_status":"closed","ping_status":"closed","template":"","meta":{"footnotes":""},"class_list":["post-48","page","type-page","status-publish","hentry"],"_links":{"self":[{"href":"http:\/\/michaelbraun.info\/cms\/index.php?rest_route=\/wp\/v2\/pages\/48"}],"collection":[{"href":"http:\/\/michaelbraun.info\/cms\/index.php?rest_route=\/wp\/v2\/pages"}],"about":[{"href":"http:\/\/michaelbraun.info\/cms\/index.php?rest_route=\/wp\/v2\/types\/page"}],"author":[{"embeddable":true,"href":"http:\/\/michaelbraun.info\/cms\/index.php?rest_route=\/wp\/v2\/users\/1"}],"replies":[{"embeddable":true,"href":"http:\/\/michaelbraun.info\/cms\/index.php?rest_route=%2Fwp%2Fv2%2Fcomments&post=48"}],"version-history":[{"count":0,"href":"http:\/\/michaelbraun.info\/cms\/index.php?rest_route=\/wp\/v2\/pages\/48\/revisions"}],"up":[{"embeddable":true,"href":"http:\/\/michaelbraun.info\/cms\/index.php?rest_route=\/wp\/v2\/pages\/6"}],"wp:attachment":[{"href":"http:\/\/michaelbraun.info\/cms\/index.php?rest_route=%2Fwp%2Fv2%2Fmedia&parent=48"}],"curies":[{"name":"wp","href":"https:\/\/api.w.org\/{rel}","templated":true}]}}