{"id":54,"date":"2010-08-03T23:39:23","date_gmt":"2010-08-03T21:39:23","guid":{"rendered":"http:\/\/michaelbraun.info\/cms\/?page_id=54"},"modified":"2016-07-13T21:58:03","modified_gmt":"2016-07-13T19:58:03","slug":"seit-042009-fernuniversitat-hagen","status":"publish","type":"page","link":"http:\/\/michaelbraun.info\/cms\/?page_id=54","title":{"rendered":"seit 04\/2009 FernUniversit\u00e4t Hagen"},"content":{"rendered":"<table width=\"100%\">\n<tbody>\n<tr>\n<td>04\/2009 &#8211; 10\/2011<\/td>\n<td> <a href=\"http:\/\/michaelbraun.info\/cms\/?page_id=118\" title=\"04\/2009 \u2013 10\/2011 MSc. Wirtschaftswissenschaften\">Masterstudiengang Wirtschaftswissenschaften<\/a><\/td>\n<\/tr>\n<tr>\n<td>seit 10\/2011<\/td>\n<td><a href=\"http:\/\/michaelbraun.info\/cms\/?page_id=119\" title=\"ab 10\/2011 Diplomstudiengang VWL\">Diplomstudiengang Volkswirtschaftslehre<\/a><\/td>\n<\/tr>\n<tr>\n<td>ab 04\/2012<\/td>\n<td><a href=\"http:\/\/michaelbraun.info\/cms\/?page_id=121\" title=\"ab 04\/2012 Masterstudiengang Wirtschaftsinformatik\">Masterstudiengang Wirtschaftsinformatik<\/a><\/td>\n<\/tr>\n<\/tbody>\n<\/table>\n<p><strong>Anmerkung: <\/strong>Das Studium ist in erster Linie als Weiterbildung gedacht. Die Module werden daher nach Interessengebieten ausgew\u00e4hlt. Daher werden auch Module aus verschiedenen Studieng\u00e4ngen gew\u00e4hlt.<br \/>\nNicht alle Module werden von mir mit Klausuren abgeschlossen. Dieses kann unterschiedliche Gr\u00fcnde haben. Zumindest bei den Mastermodulen werden die Einsendearbeiten in dem Semester bearbeiten, in dem das Modul das erste Mal belegt wurde. Da ich aber insbesondere im Wintersemester 2009\/10 mehr belegt habe, als ich an Klausuren zu schreiben gedenke,\u00a0wird von mir die zugeh\u00f6rige Klausur teilweise auch erst in sp\u00e4teren Semestern geschrieben. Da die Wiederbelegung der Kurse an der Fernuniversit\u00e4t\u00a0kostenlos ist, ist diese Vorgehensweise auch durchaus sinnvoll, da ich damit meine Arbeitsbelastung flexibler steuern kann. Aufgef\u00fchrt werden nur Module, bei denen ich zumindest die Einsendearbeit bestanden habe, da dieses belegt, das ich mich mit dem Thema entsprechend besch\u00e4ftigt habe. Daher werden neue Module erst im Januar\/Februar (Wintersemester) bzw. Juli\/August (Sommersemester) aufgenommen.<\/p>\n","protected":false},"excerpt":{"rendered":"<p>04\/2009 &#8211; 10\/2011 Masterstudiengang Wirtschaftswissenschaften seit 10\/2011 Diplomstudiengang Volkswirtschaftslehre ab 04\/2012 Masterstudiengang Wirtschaftsinformatik Anmerkung: Das Studium ist in erster Linie als Weiterbildung gedacht. Die Module werden daher nach Interessengebieten ausgew\u00e4hlt. Daher werden auch Module aus verschiedenen Studieng\u00e4ngen gew\u00e4hlt. Nicht alle Module werden von mir mit Klausuren abgeschlossen. Dieses kann unterschiedliche Gr\u00fcnde haben. Zumindest bei den &hellip; <a href=\"http:\/\/michaelbraun.info\/cms\/?page_id=54\" class=\"more-link\"><span class=\"screen-reader-text\">\u201eseit 04\/2009 FernUniversit\u00e4t Hagen\u201c<\/span> weiterlesen<\/a><\/p>\n","protected":false},"author":1,"featured_media":0,"parent":186,"menu_order":12,"comment_status":"closed","ping_status":"closed","template":"","meta":{"footnotes":""},"class_list":["post-54","page","type-page","status-publish","hentry"],"_links":{"self":[{"href":"http:\/\/michaelbraun.info\/cms\/index.php?rest_route=\/wp\/v2\/pages\/54"}],"collection":[{"href":"http:\/\/michaelbraun.info\/cms\/index.php?rest_route=\/wp\/v2\/pages"}],"about":[{"href":"http:\/\/michaelbraun.info\/cms\/index.php?rest_route=\/wp\/v2\/types\/page"}],"author":[{"embeddable":true,"href":"http:\/\/michaelbraun.info\/cms\/index.php?rest_route=\/wp\/v2\/users\/1"}],"replies":[{"embeddable":true,"href":"http:\/\/michaelbraun.info\/cms\/index.php?rest_route=%2Fwp%2Fv2%2Fcomments&post=54"}],"version-history":[{"count":0,"href":"http:\/\/michaelbraun.info\/cms\/index.php?rest_route=\/wp\/v2\/pages\/54\/revisions"}],"up":[{"embeddable":true,"href":"http:\/\/michaelbraun.info\/cms\/index.php?rest_route=\/wp\/v2\/pages\/186"}],"wp:attachment":[{"href":"http:\/\/michaelbraun.info\/cms\/index.php?rest_route=%2Fwp%2Fv2%2Fmedia&parent=54"}],"curies":[{"name":"wp","href":"https:\/\/api.w.org\/{rel}","templated":true}]}}